{"id":771,"date":"2025-03-28T08:04:03","date_gmt":"2025-03-28T08:04:03","guid":{"rendered":"https:\/\/sintesi.inscastellbisbal.net\/offtube\/?page_id=771"},"modified":"2025-04-01T07:51:30","modified_gmt":"2025-04-01T07:51:30","slug":"series-1","status":"publish","type":"page","link":"https:\/\/sintesi.inscastellbisbal.net\/offtube\/series-1\/","title":{"rendered":"S\u00e8ries"},"content":{"rendered":"\t\t<div data-elementor-type=\"wp-page\" data-elementor-id=\"771\" class=\"elementor elementor-771\">\n\t\t\t\t\t\t<section class=\"elementor-section elementor-top-section elementor-element elementor-element-3cc69040 elementor-section-height-min-height elementor-section-boxed elementor-section-height-default elementor-section-items-middle\" data-id=\"3cc69040\" data-element_type=\"section\" data-settings=\"{&quot;background_background&quot;:&quot;classic&quot;,&quot;shape_divider_bottom&quot;:&quot;arrow&quot;}\">\n\t\t\t\t\t\t\t<div class=\"elementor-background-overlay\"><\/div>\n\t\t\t\t\t\t<div class=\"elementor-shape elementor-shape-bottom\" aria-hidden=\"true\" data-negative=\"false\">\n\t\t\t<svg xmlns=\"http:\/\/www.w3.org\/2000\/svg\" viewBox=\"0 0 700 10\" preserveAspectRatio=\"none\">\n\t<path class=\"elementor-shape-fill\" d=\"M350,10L340,0h20L350,10z\"\/>\n<\/svg>\t\t<\/div>\n\t\t\t\t\t<div class=\"elementor-container elementor-column-gap-no\">\n\t\t\t\t\t<div class=\"elementor-column elementor-col-100 elementor-top-column elementor-element elementor-element-5352ad0b\" data-id=\"5352ad0b\" data-element_type=\"column\" data-settings=\"{&quot;background_background&quot;:&quot;classic&quot;}\">\n\t\t\t<div class=\"elementor-widget-wrap elementor-element-populated\">\n\t\t\t\t\t\t<div class=\"elementor-element elementor-element-59a8afd7 elementor-widget elementor-widget-heading\" data-id=\"59a8afd7\" data-element_type=\"widget\" data-widget_type=\"heading.default\">\n\t\t\t\t<div class=\"elementor-widget-container\">\n\t\t\t\t\t<h1 class=\"elementor-heading-title elementor-size-default\">s\u00e8ries<\/h1>\t\t\t\t<\/div>\n\t\t\t\t<\/div>\n\t\t\t\t<section class=\"elementor-section elementor-inner-section elementor-element elementor-element-1245eda1 elementor-section-boxed elementor-section-height-default elementor-section-height-default\" data-id=\"1245eda1\" data-element_type=\"section\">\n\t\t\t\t\t\t<div class=\"elementor-container elementor-column-gap-default\">\n\t\t\t\t\t<div class=\"elementor-column elementor-col-100 elementor-inner-column elementor-element elementor-element-75822221\" data-id=\"75822221\" data-element_type=\"column\">\n\t\t\t<div class=\"elementor-widget-wrap elementor-element-populated\">\n\t\t\t\t\t\t<div class=\"elementor-element elementor-element-247dfe24 elementor-widget__width-auto elementor-widget elementor-widget-heading\" data-id=\"247dfe24\" data-element_type=\"widget\" data-widget_type=\"heading.default\">\n\t\t\t\t<div class=\"elementor-widget-container\">\n\t\t\t\t\t<h4 class=\"elementor-heading-title elementor-size-default\">offline<\/h4>\t\t\t\t<\/div>\n\t\t\t\t<\/div>\n\t\t\t\t\t<\/div>\n\t\t<\/div>\n\t\t\t\t\t<\/div>\n\t\t<\/section>\n\t\t\t\t\t<\/div>\n\t\t<\/div>\n\t\t\t\t\t<\/div>\n\t\t<\/section>\n\t\t\t\t<section class=\"elementor-section elementor-top-section elementor-element elementor-element-1bbedb1d elementor-section-content-middle elementor-reverse-mobile elementor-section-boxed elementor-section-height-default elementor-section-height-default\" data-id=\"1bbedb1d\" data-element_type=\"section\" data-settings=\"{&quot;background_background&quot;:&quot;classic&quot;}\">\n\t\t\t\t\t\t<div class=\"elementor-container elementor-column-gap-default\">\n\t\t\t\t\t<div class=\"elementor-column elementor-col-50 elementor-top-column elementor-element elementor-element-13f14275\" data-id=\"13f14275\" data-element_type=\"column\">\n\t\t\t<div class=\"elementor-widget-wrap elementor-element-populated\">\n\t\t\t\t\t\t<section class=\"elementor-section elementor-top-section elementor-element elementor-element-3b82ba17 elementor-section-content-top elementor-section-full_width elementor-reverse-tablet elementor-reverse-mobile elementor-section-height-default elementor-section-height-default\" data-id=\"3b82ba17\" data-element_type=\"section\">\n\t\t\t\t\t\t<div class=\"elementor-container elementor-column-gap-extended\">\n\t\t\t\t\t<div class=\"elementor-column elementor-col-50 elementor-top-column elementor-element elementor-element-7bf5280a animated-fast elementor-invisible\" data-id=\"7bf5280a\" data-element_type=\"column\" data-settings=\"{&quot;animation&quot;:&quot;fadeInUp&quot;}\">\n\t\t\t<div class=\"elementor-widget-wrap elementor-element-populated\">\n\t\t\t\t\t\t<div class=\"elementor-element elementor-element-483d500e elementor-widget elementor-widget-heading\" data-id=\"483d500e\" data-element_type=\"widget\" data-widget_type=\"heading.default\">\n\t\t\t\t<div class=\"elementor-widget-container\">\n\t\t\t\t\t<h2 class=\"elementor-heading-title elementor-size-default\">Recomendats<\/h2>\t\t\t\t<\/div>\n\t\t\t\t<\/div>\n\t\t\t\t\t<\/div>\n\t\t<\/div>\n\t\t\t\t<div class=\"elementor-column elementor-col-50 elementor-top-column elementor-element elementor-element-1f66a7ed animated-fast elementor-invisible\" data-id=\"1f66a7ed\" data-element_type=\"column\" data-settings=\"{&quot;animation&quot;:&quot;fadeInUp&quot;}\">\n\t\t\t<div class=\"elementor-widget-wrap\">\n\t\t\t\t\t\t\t<\/div>\n\t\t<\/div>\n\t\t\t\t\t<\/div>\n\t\t<\/section>\n\t\t\t\t\t<\/div>\n\t\t<\/div>\n\t\t\t\t<div class=\"elementor-column elementor-col-50 elementor-top-column elementor-element elementor-element-ee1479\" data-id=\"ee1479\" data-element_type=\"column\">\n\t\t\t<div class=\"elementor-widget-wrap\">\n\t\t\t\t\t\t\t<\/div>\n\t\t<\/div>\n\t\t\t\t\t<\/div>\n\t\t<\/section>\n\t\t<div class=\"elementor-element elementor-element-dc82ca6 e-flex e-con-boxed e-con e-parent\" data-id=\"dc82ca6\" data-element_type=\"container\">\n\t\t\t\t\t<div class=\"e-con-inner\">\n\t\t\t\t<div class=\"elementor-element elementor-element-072cc00 elementor-arrows-position-inside elementor-pagination-position-outside elementor-widget elementor-widget-image-carousel\" data-id=\"072cc00\" data-element_type=\"widget\" data-settings=\"{&quot;navigation&quot;:&quot;both&quot;,&quot;autoplay&quot;:&quot;yes&quot;,&quot;pause_on_hover&quot;:&quot;yes&quot;,&quot;pause_on_interaction&quot;:&quot;yes&quot;,&quot;autoplay_speed&quot;:5000,&quot;infinite&quot;:&quot;yes&quot;,&quot;speed&quot;:500}\" data-widget_type=\"image-carousel.default\">\n\t\t\t\t<div class=\"elementor-widget-container\">\n\t\t\t\t\t\t\t<div class=\"elementor-image-carousel-wrapper swiper\" role=\"region\" aria-roledescription=\"carousel\" aria-label=\"Image Carousel\" dir=\"ltr\">\n\t\t\t<div class=\"elementor-image-carousel swiper-wrapper\" aria-live=\"off\">\n\t\t\t\t\t\t\t\t<div class=\"swiper-slide\" role=\"group\" aria-roledescription=\"slide\" aria-label=\"1 of 11\"><figure class=\"swiper-slide-inner\"><img decoding=\"async\" class=\"swiper-slide-image\" src=\"https:\/\/sintesi.inscastellbisbal.net\/offtube\/wp-content\/uploads\/sites\/11\/2025\/03\/serie-1024x1024.jpg\" alt=\"Adolesc\u00e8ncia\" \/><\/figure><\/div><div class=\"swiper-slide\" role=\"group\" aria-roledescription=\"slide\" aria-label=\"2 of 11\"><figure class=\"swiper-slide-inner\"><img decoding=\"async\" class=\"swiper-slide-image\" src=\"https:\/\/sintesi.inscastellbisbal.net\/offtube\/wp-content\/uploads\/sites\/11\/2025\/03\/21-1024x1024.jpg\" alt=\"Doki\" \/><\/figure><\/div><div class=\"swiper-slide\" role=\"group\" aria-roledescription=\"slide\" aria-label=\"3 of 11\"><figure class=\"swiper-slide-inner\"><img decoding=\"async\" class=\"swiper-slide-image\" src=\"https:\/\/sintesi.inscastellbisbal.net\/offtube\/wp-content\/uploads\/sites\/11\/2025\/03\/20-1024x1024.jpg\" alt=\"Invasi\u00f3\" \/><\/figure><\/div><div class=\"swiper-slide\" role=\"group\" aria-roledescription=\"slide\" aria-label=\"4 of 11\"><figure class=\"swiper-slide-inner\"><img decoding=\"async\" class=\"swiper-slide-image\" src=\"https:\/\/sintesi.inscastellbisbal.net\/offtube\/wp-content\/uploads\/sites\/11\/2025\/03\/19-1024x1024.jpg\" alt=\"Elizabeth\" \/><\/figure><\/div><div class=\"swiper-slide\" role=\"group\" aria-roledescription=\"slide\" aria-label=\"5 of 11\"><figure class=\"swiper-slide-inner\"><img decoding=\"async\" class=\"swiper-slide-image\" src=\"https:\/\/sintesi.inscastellbisbal.net\/offtube\/wp-content\/uploads\/sites\/11\/2025\/03\/9-1024x1024.png\" alt=\"El misteri de la flor 2\" \/><\/figure><\/div><div class=\"swiper-slide\" role=\"group\" aria-roledescription=\"slide\" aria-label=\"6 of 11\"><figure class=\"swiper-slide-inner\"><img decoding=\"async\" class=\"swiper-slide-image\" src=\"https:\/\/sintesi.inscastellbisbal.net\/offtube\/wp-content\/uploads\/sites\/11\/2025\/03\/8-1024x1024.png\" alt=\"El misteri de la flor\" \/><\/figure><\/div><div class=\"swiper-slide\" role=\"group\" aria-roledescription=\"slide\" aria-label=\"7 of 11\"><figure class=\"swiper-slide-inner\"><img decoding=\"async\" class=\"swiper-slide-image\" src=\"https:\/\/sintesi.inscastellbisbal.net\/offtube\/wp-content\/uploads\/sites\/11\/2025\/03\/14-1024x1024.png\" alt=\"Amics\" \/><\/figure><\/div><div class=\"swiper-slide\" role=\"group\" aria-roledescription=\"slide\" aria-label=\"8 of 11\"><figure class=\"swiper-slide-inner\"><img decoding=\"async\" class=\"swiper-slide-image\" src=\"https:\/\/sintesi.inscastellbisbal.net\/offtube\/wp-content\/uploads\/sites\/11\/2025\/03\/6-1024x1024.png\" alt=\"Midnight commander\" \/><\/figure><\/div><div class=\"swiper-slide\" role=\"group\" aria-roledescription=\"slide\" aria-label=\"9 of 11\"><figure class=\"swiper-slide-inner\"><img decoding=\"async\" class=\"swiper-slide-image\" src=\"https:\/\/sintesi.inscastellbisbal.net\/offtube\/wp-content\/uploads\/sites\/11\/2025\/03\/5-1024x1024.png\" alt=\"Midnight commander 2\" \/><\/figure><\/div><div class=\"swiper-slide\" role=\"group\" aria-roledescription=\"slide\" aria-label=\"10 of 11\"><figure class=\"swiper-slide-inner\"><img decoding=\"async\" class=\"swiper-slide-image\" src=\"https:\/\/sintesi.inscastellbisbal.net\/offtube\/wp-content\/uploads\/sites\/11\/2025\/03\/1-1-1024x1024.png\" alt=\"Zombies\" \/><\/figure><\/div><div class=\"swiper-slide\" role=\"group\" aria-roledescription=\"slide\" aria-label=\"11 of 11\"><figure class=\"swiper-slide-inner\"><img decoding=\"async\" class=\"swiper-slide-image\" src=\"https:\/\/sintesi.inscastellbisbal.net\/offtube\/wp-content\/uploads\/sites\/11\/2025\/03\/22-1024x1024.png\" alt=\"Nens\" \/><\/figure><\/div>\t\t\t<\/div>\n\t\t\t\t\t\t\t\t\t\t\t\t<div class=\"elementor-swiper-button elementor-swiper-button-prev\" role=\"button\" tabindex=\"0\">\n\t\t\t\t\t\t<svg aria-hidden=\"true\" class=\"e-font-icon-svg e-eicon-chevron-left\" viewBox=\"0 0 1000 1000\" xmlns=\"http:\/\/www.w3.org\/2000\/svg\"><path d=\"M646 125C629 125 613 133 604 142L308 442C296 454 292 471 292 487 292 504 296 521 308 533L604 854C617 867 629 875 646 875 663 875 679 871 692 858 704 846 713 829 713 812 713 796 708 779 692 767L438 487 692 225C700 217 708 204 708 187 708 171 704 154 692 142 675 129 663 125 646 125Z\"><\/path><\/svg>\t\t\t\t\t<\/div>\n\t\t\t\t\t<div class=\"elementor-swiper-button elementor-swiper-button-next\" role=\"button\" tabindex=\"0\">\n\t\t\t\t\t\t<svg aria-hidden=\"true\" class=\"e-font-icon-svg e-eicon-chevron-right\" viewBox=\"0 0 1000 1000\" xmlns=\"http:\/\/www.w3.org\/2000\/svg\"><path d=\"M696 533C708 521 713 504 713 487 713 471 708 454 696 446L400 146C388 133 375 125 354 125 338 125 325 129 313 142 300 154 292 171 292 187 292 204 296 221 308 233L563 492 304 771C292 783 288 800 288 817 288 833 296 850 308 863 321 871 338 875 354 875 371 875 388 867 400 854L696 533Z\"><\/path><\/svg>\t\t\t\t\t<\/div>\n\t\t\t\t\n\t\t\t\t\t\t\t\t\t<div class=\"swiper-pagination\"><\/div>\n\t\t\t\t\t\t\t\t\t<\/div>\n\t\t\t\t\t\t<\/div>\n\t\t\t\t<\/div>\n\t\t\t\t\t<\/div>\n\t\t\t\t<\/div>\n\t\t\t\t<\/div>\n\t\t","protected":false},"excerpt":{"rendered":"<p>s\u00e8ries offline Recomendats<\/p>\n","protected":false},"author":33,"featured_media":0,"parent":0,"menu_order":0,"comment_status":"closed","ping_status":"closed","template":"","meta":{"footnotes":""},"class_list":["post-771","page","type-page","status-publish"],"yoast_head":"<!-- This site is optimized with the Yoast SEO plugin v25.1 - https:\/\/yoast.com\/wordpress\/plugins\/seo\/ -->\n<title>S\u00e8ries - S\u00cdNTESI 25 | OFFTUBE<\/title>\n<meta name=\"robots\" content=\"index, follow, max-snippet:-1, max-image-preview:large, max-video-preview:-1\" \/>\n<link rel=\"canonical\" href=\"https:\/\/sintesi.inscastellbisbal.net\/offtube\/series-1\/\" \/>\n<meta property=\"og:locale\" content=\"en_US\" \/>\n<meta property=\"og:type\" content=\"article\" \/>\n<meta property=\"og:title\" content=\"S\u00e8ries - S\u00cdNTESI 25 | OFFTUBE\" \/>\n<meta property=\"og:description\" content=\"s\u00e8ries offline Recomendats\" \/>\n<meta property=\"og:url\" content=\"https:\/\/sintesi.inscastellbisbal.net\/offtube\/series-1\/\" \/>\n<meta property=\"og:site_name\" content=\"S\u00cdNTESI 25 | OFFTUBE\" \/>\n<meta property=\"article:modified_time\" content=\"2025-04-01T07:51:30+00:00\" \/>\n<meta property=\"og:image\" content=\"https:\/\/sintesi.inscastellbisbal.net\/offtube\/wp-content\/uploads\/sites\/11\/2025\/03\/serie-1024x1024.jpg\" \/>\n<meta name=\"twitter:card\" content=\"summary_large_image\" \/>\n<meta name=\"twitter:label1\" content=\"Est. reading time\" \/>\n\t<meta name=\"twitter:data1\" content=\"3 minutes\" \/>\n<script type=\"application\/ld+json\" class=\"yoast-schema-graph\">{\"@context\":\"https:\/\/schema.org\",\"@graph\":[{\"@type\":\"WebPage\",\"@id\":\"https:\/\/sintesi.inscastellbisbal.net\/offtube\/series-1\/\",\"url\":\"https:\/\/sintesi.inscastellbisbal.net\/offtube\/series-1\/\",\"name\":\"S\u00e8ries - S\u00cdNTESI 25 | OFFTUBE\",\"isPartOf\":{\"@id\":\"https:\/\/sintesi.inscastellbisbal.net\/offtube\/#website\"},\"primaryImageOfPage\":{\"@id\":\"https:\/\/sintesi.inscastellbisbal.net\/offtube\/series-1\/#primaryimage\"},\"image\":{\"@id\":\"https:\/\/sintesi.inscastellbisbal.net\/offtube\/series-1\/#primaryimage\"},\"thumbnailUrl\":\"https:\/\/sintesi.inscastellbisbal.net\/offtube\/wp-content\/uploads\/sites\/11\/2025\/03\/serie-1024x1024.jpg\",\"datePublished\":\"2025-03-28T08:04:03+00:00\",\"dateModified\":\"2025-04-01T07:51:30+00:00\",\"breadcrumb\":{\"@id\":\"https:\/\/sintesi.inscastellbisbal.net\/offtube\/series-1\/#breadcrumb\"},\"inLanguage\":\"en-US\",\"potentialAction\":[{\"@type\":\"ReadAction\",\"target\":[\"https:\/\/sintesi.inscastellbisbal.net\/offtube\/series-1\/\"]}]},{\"@type\":\"ImageObject\",\"inLanguage\":\"en-US\",\"@id\":\"https:\/\/sintesi.inscastellbisbal.net\/offtube\/series-1\/#primaryimage\",\"url\":\"https:\/\/sintesi.inscastellbisbal.net\/offtube\/wp-content\/uploads\/sites\/11\/2025\/03\/serie.jpg\",\"contentUrl\":\"https:\/\/sintesi.inscastellbisbal.net\/offtube\/wp-content\/uploads\/sites\/11\/2025\/03\/serie.jpg\",\"width\":1080,\"height\":1080,\"caption\":\"Adolesc\u00e8ncia\"},{\"@type\":\"BreadcrumbList\",\"@id\":\"https:\/\/sintesi.inscastellbisbal.net\/offtube\/series-1\/#breadcrumb\",\"itemListElement\":[{\"@type\":\"ListItem\",\"position\":1,\"name\":\"Home\",\"item\":\"https:\/\/sintesi.inscastellbisbal.net\/offtube\/\"},{\"@type\":\"ListItem\",\"position\":2,\"name\":\"S\u00e8ries\"}]},{\"@type\":\"WebSite\",\"@id\":\"https:\/\/sintesi.inscastellbisbal.net\/offtube\/#website\",\"url\":\"https:\/\/sintesi.inscastellbisbal.net\/offtube\/\",\"name\":\"S\u00cdNTESI 25 | OFFTUBE\",\"description\":\"\",\"publisher\":{\"@id\":\"https:\/\/sintesi.inscastellbisbal.net\/offtube\/#organization\"},\"potentialAction\":[{\"@type\":\"SearchAction\",\"target\":{\"@type\":\"EntryPoint\",\"urlTemplate\":\"https:\/\/sintesi.inscastellbisbal.net\/offtube\/?s={search_term_string}\"},\"query-input\":{\"@type\":\"PropertyValueSpecification\",\"valueRequired\":true,\"valueName\":\"search_term_string\"}}],\"inLanguage\":\"en-US\"},{\"@type\":\"Organization\",\"@id\":\"https:\/\/sintesi.inscastellbisbal.net\/offtube\/#organization\",\"name\":\"S\u00cdNTESI 25 | OFFTUBE\",\"url\":\"https:\/\/sintesi.inscastellbisbal.net\/offtube\/\",\"logo\":{\"@type\":\"ImageObject\",\"inLanguage\":\"en-US\",\"@id\":\"https:\/\/sintesi.inscastellbisbal.net\/offtube\/#\/schema\/logo\/image\/\",\"url\":\"https:\/\/sintesi.inscastellbisbal.net\/offtube\/wp-content\/uploads\/sites\/11\/2025\/03\/cropped-1-removebg-preview.png\",\"contentUrl\":\"https:\/\/sintesi.inscastellbisbal.net\/offtube\/wp-content\/uploads\/sites\/11\/2025\/03\/cropped-1-removebg-preview.png\",\"width\":311,\"height\":170,\"caption\":\"S\u00cdNTESI 25 | OFFTUBE\"},\"image\":{\"@id\":\"https:\/\/sintesi.inscastellbisbal.net\/offtube\/#\/schema\/logo\/image\/\"}}]}<\/script>\n<!-- \/ Yoast SEO plugin. -->","yoast_head_json":{"title":"S\u00e8ries - S\u00cdNTESI 25 | OFFTUBE","robots":{"index":"index","follow":"follow","max-snippet":"max-snippet:-1","max-image-preview":"max-image-preview:large","max-video-preview":"max-video-preview:-1"},"canonical":"https:\/\/sintesi.inscastellbisbal.net\/offtube\/series-1\/","og_locale":"en_US","og_type":"article","og_title":"S\u00e8ries - S\u00cdNTESI 25 | OFFTUBE","og_description":"s\u00e8ries offline Recomendats","og_url":"https:\/\/sintesi.inscastellbisbal.net\/offtube\/series-1\/","og_site_name":"S\u00cdNTESI 25 | OFFTUBE","article_modified_time":"2025-04-01T07:51:30+00:00","og_image":[{"url":"https:\/\/sintesi.inscastellbisbal.net\/offtube\/wp-content\/uploads\/sites\/11\/2025\/03\/serie-1024x1024.jpg","type":"","width":"","height":""}],"twitter_card":"summary_large_image","twitter_misc":{"Est. reading time":"3 minutes"},"schema":{"@context":"https:\/\/schema.org","@graph":[{"@type":"WebPage","@id":"https:\/\/sintesi.inscastellbisbal.net\/offtube\/series-1\/","url":"https:\/\/sintesi.inscastellbisbal.net\/offtube\/series-1\/","name":"S\u00e8ries - S\u00cdNTESI 25 | OFFTUBE","isPartOf":{"@id":"https:\/\/sintesi.inscastellbisbal.net\/offtube\/#website"},"primaryImageOfPage":{"@id":"https:\/\/sintesi.inscastellbisbal.net\/offtube\/series-1\/#primaryimage"},"image":{"@id":"https:\/\/sintesi.inscastellbisbal.net\/offtube\/series-1\/#primaryimage"},"thumbnailUrl":"https:\/\/sintesi.inscastellbisbal.net\/offtube\/wp-content\/uploads\/sites\/11\/2025\/03\/serie-1024x1024.jpg","datePublished":"2025-03-28T08:04:03+00:00","dateModified":"2025-04-01T07:51:30+00:00","breadcrumb":{"@id":"https:\/\/sintesi.inscastellbisbal.net\/offtube\/series-1\/#breadcrumb"},"inLanguage":"en-US","potentialAction":[{"@type":"ReadAction","target":["https:\/\/sintesi.inscastellbisbal.net\/offtube\/series-1\/"]}]},{"@type":"ImageObject","inLanguage":"en-US","@id":"https:\/\/sintesi.inscastellbisbal.net\/offtube\/series-1\/#primaryimage","url":"https:\/\/sintesi.inscastellbisbal.net\/offtube\/wp-content\/uploads\/sites\/11\/2025\/03\/serie.jpg","contentUrl":"https:\/\/sintesi.inscastellbisbal.net\/offtube\/wp-content\/uploads\/sites\/11\/2025\/03\/serie.jpg","width":1080,"height":1080,"caption":"Adolesc\u00e8ncia"},{"@type":"BreadcrumbList","@id":"https:\/\/sintesi.inscastellbisbal.net\/offtube\/series-1\/#breadcrumb","itemListElement":[{"@type":"ListItem","position":1,"name":"Home","item":"https:\/\/sintesi.inscastellbisbal.net\/offtube\/"},{"@type":"ListItem","position":2,"name":"S\u00e8ries"}]},{"@type":"WebSite","@id":"https:\/\/sintesi.inscastellbisbal.net\/offtube\/#website","url":"https:\/\/sintesi.inscastellbisbal.net\/offtube\/","name":"S\u00cdNTESI 25 | OFFTUBE","description":"","publisher":{"@id":"https:\/\/sintesi.inscastellbisbal.net\/offtube\/#organization"},"potentialAction":[{"@type":"SearchAction","target":{"@type":"EntryPoint","urlTemplate":"https:\/\/sintesi.inscastellbisbal.net\/offtube\/?s={search_term_string}"},"query-input":{"@type":"PropertyValueSpecification","valueRequired":true,"valueName":"search_term_string"}}],"inLanguage":"en-US"},{"@type":"Organization","@id":"https:\/\/sintesi.inscastellbisbal.net\/offtube\/#organization","name":"S\u00cdNTESI 25 | OFFTUBE","url":"https:\/\/sintesi.inscastellbisbal.net\/offtube\/","logo":{"@type":"ImageObject","inLanguage":"en-US","@id":"https:\/\/sintesi.inscastellbisbal.net\/offtube\/#\/schema\/logo\/image\/","url":"https:\/\/sintesi.inscastellbisbal.net\/offtube\/wp-content\/uploads\/sites\/11\/2025\/03\/cropped-1-removebg-preview.png","contentUrl":"https:\/\/sintesi.inscastellbisbal.net\/offtube\/wp-content\/uploads\/sites\/11\/2025\/03\/cropped-1-removebg-preview.png","width":311,"height":170,"caption":"S\u00cdNTESI 25 | OFFTUBE"},"image":{"@id":"https:\/\/sintesi.inscastellbisbal.net\/offtube\/#\/schema\/logo\/image\/"}}]}},"_links":{"self":[{"href":"https:\/\/sintesi.inscastellbisbal.net\/offtube\/wp-json\/wp\/v2\/pages\/771","targetHints":{"allow":["GET"]}}],"collection":[{"href":"https:\/\/sintesi.inscastellbisbal.net\/offtube\/wp-json\/wp\/v2\/pages"}],"about":[{"href":"https:\/\/sintesi.inscastellbisbal.net\/offtube\/wp-json\/wp\/v2\/types\/page"}],"author":[{"embeddable":true,"href":"https:\/\/sintesi.inscastellbisbal.net\/offtube\/wp-json\/wp\/v2\/users\/33"}],"replies":[{"embeddable":true,"href":"https:\/\/sintesi.inscastellbisbal.net\/offtube\/wp-json\/wp\/v2\/comments?post=771"}],"version-history":[{"count":4,"href":"https:\/\/sintesi.inscastellbisbal.net\/offtube\/wp-json\/wp\/v2\/pages\/771\/revisions"}],"predecessor-version":[{"id":775,"href":"https:\/\/sintesi.inscastellbisbal.net\/offtube\/wp-json\/wp\/v2\/pages\/771\/revisions\/775"}],"wp:attachment":[{"href":"https:\/\/sintesi.inscastellbisbal.net\/offtube\/wp-json\/wp\/v2\/media?parent=771"}],"curies":[{"name":"wp","href":"https:\/\/api.w.org\/{rel}","templated":true}]}}