{"id":1561,"date":"2024-04-08T22:02:08","date_gmt":"2024-04-08T22:02:08","guid":{"rendered":"https:\/\/sintesi.inscastellbisbal.net\/vicentia\/?page_id=1561"},"modified":"2024-06-01T15:41:25","modified_gmt":"2024-06-01T15:41:25","slug":"home","status":"publish","type":"page","link":"https:\/\/sintesi.inscastellbisbal.net\/vicentia\/","title":{"rendered":"P\u00e0gina principal"},"content":{"rendered":"\t\t<div data-elementor-type=\"wp-page\" data-elementor-id=\"1561\" class=\"elementor elementor-1561\">\n\t\t\t\t<div class=\"elementor-element elementor-element-9eb44db e-flex e-con-boxed e-con e-parent\" data-id=\"9eb44db\" data-element_type=\"container\">\n\t\t\t\t\t<div class=\"e-con-inner\">\n\t\t\t\t<div class=\"elementor-element elementor-element-fa82e83 elementor-widget elementor-widget-heading\" data-id=\"fa82e83\" data-element_type=\"widget\" data-widget_type=\"heading.default\">\n\t\t\t\t<div class=\"elementor-widget-container\">\n\t\t\t\t\t<h2 class=\"elementor-heading-title elementor-size-default\">El nostre equip<\/h2>\t\t\t\t<\/div>\n\t\t\t\t<\/div>\n\t\t\t\t\t<\/div>\n\t\t\t\t<\/div>\n\t\t<div class=\"elementor-element elementor-element-317fc0b e-flex e-con-boxed e-con e-parent\" data-id=\"317fc0b\" data-element_type=\"container\">\n\t\t\t\t\t<div class=\"e-con-inner\">\n\t\t\t\t<div class=\"elementor-element elementor-element-8683f41 elementor-widget elementor-widget-text-editor\" data-id=\"8683f41\" data-element_type=\"widget\" data-widget_type=\"text-editor.default\">\n\t\t\t\t<div class=\"elementor-widget-container\">\n\t\t\t\t\t\t\t\t\t<p>Som l&#8217;equip format per:<\/p><ul><li>Aleix Linares<\/li><li>Roger Royo<\/li><li>Oscar Nieto<\/li><li>Arnau Legaz<\/li><\/ul>\t\t\t\t\t\t\t\t<\/div>\n\t\t\t\t<\/div>\n\t\t\t\t\t<\/div>\n\t\t\t\t<\/div>\n\t\t<div class=\"elementor-element elementor-element-93a9f28 e-flex e-con-boxed e-con e-parent\" data-id=\"93a9f28\" data-element_type=\"container\">\n\t\t\t\t\t<div class=\"e-con-inner\">\n\t\t\t\t<div class=\"elementor-element elementor-element-84a7766 elementor-widget elementor-widget-heading\" data-id=\"84a7766\" data-element_type=\"widget\" data-widget_type=\"heading.default\">\n\t\t\t\t<div class=\"elementor-widget-container\">\n\t\t\t\t\t<h2 class=\"elementor-heading-title elementor-size-default\">El nostre Projecte<\/h2>\t\t\t\t<\/div>\n\t\t\t\t<\/div>\n\t\t\t\t\t<\/div>\n\t\t\t\t<\/div>\n\t\t<div class=\"elementor-element elementor-element-c24b620 e-flex e-con-boxed e-con e-parent\" data-id=\"c24b620\" data-element_type=\"container\">\n\t\t\t\t\t<div class=\"e-con-inner\">\n\t\t\t\t<div class=\"elementor-element elementor-element-024d03a elementor-widget elementor-widget-text-editor\" data-id=\"024d03a\" data-element_type=\"widget\" data-widget_type=\"text-editor.default\">\n\t\t\t\t<div class=\"elementor-widget-container\">\n\t\t\t\t\t\t\t\t\t<p>En aquest projecte el nostre objectiu \u00e9s crear una IA anomenada\u00a0<span class=\"hiddenSpellError\">VicentIA<\/span>\u00a0que\u00a0ajudar\u00e0\u00a0als estudiants amb els seus dubtes.<\/p>\t\t\t\t\t\t\t\t<\/div>\n\t\t\t\t<\/div>\n\t\t\t\t\t<\/div>\n\t\t\t\t<\/div>\n\t\t<div class=\"elementor-element elementor-element-650e0c4 e-flex e-con-boxed e-con e-parent\" data-id=\"650e0c4\" data-element_type=\"container\">\n\t\t\t\t\t<div class=\"e-con-inner\">\n\t\t\t\t<div class=\"elementor-element elementor-element-1ac129f elementor-widget elementor-widget-heading\" data-id=\"1ac129f\" data-element_type=\"widget\" data-widget_type=\"heading.default\">\n\t\t\t\t<div class=\"elementor-widget-container\">\n\t\t\t\t\t<h2 class=\"elementor-heading-title elementor-size-default\">Nelira<\/h2>\t\t\t\t<\/div>\n\t\t\t\t<\/div>\n\t\t\t\t<div class=\"elementor-element elementor-element-c059836 elementor-widget elementor-widget-text-editor\" data-id=\"c059836\" data-element_type=\"widget\" data-widget_type=\"text-editor.default\">\n\t\t\t\t<div class=\"elementor-widget-container\">\n\t\t\t\t\t\t\t\t\t<p><span class=\"hiddenSpellError\">Nelira<\/span> \u00e9s la nostra empresa on treballarem el nostre primer projecte, aquesta empresa est\u00e0 enfocada en la utilitzaci\u00f3 de la intel\u00b7lig\u00e8ncia artificial.<\/p>\t\t\t\t\t\t\t\t<\/div>\n\t\t\t\t<\/div>\n\t\t\t\t\t<\/div>\n\t\t\t\t<\/div>\n\t\t<div class=\"elementor-element elementor-element-f5be166 e-grid e-con-boxed e-con e-parent\" data-id=\"f5be166\" data-element_type=\"container\">\n\t\t\t\t\t<div class=\"e-con-inner\">\n\t\t\t\t<div class=\"elementor-element elementor-element-b6962df elementor-widget elementor-widget-image\" data-id=\"b6962df\" data-element_type=\"widget\" data-widget_type=\"image.default\">\n\t\t\t\t<div class=\"elementor-widget-container\">\n\t\t\t\t\t\t\t\t\t\t\t\t\t\t\t<img fetchpriority=\"high\" decoding=\"async\" width=\"990\" height=\"1024\" src=\"https:\/\/sintesi.inscastellbisbal.net\/vicentia\/wp-content\/uploads\/sites\/3\/2024\/03\/Nelira-990x1024.png\" class=\"attachment-large size-large wp-image-1467\" alt=\"\" srcset=\"https:\/\/sintesi.inscastellbisbal.net\/vicentia\/wp-content\/uploads\/sites\/3\/2024\/03\/Nelira-990x1024.png 990w, https:\/\/sintesi.inscastellbisbal.net\/vicentia\/wp-content\/uploads\/sites\/3\/2024\/03\/Nelira-290x300.png 290w, https:\/\/sintesi.inscastellbisbal.net\/vicentia\/wp-content\/uploads\/sites\/3\/2024\/03\/Nelira-768x794.png 768w, https:\/\/sintesi.inscastellbisbal.net\/vicentia\/wp-content\/uploads\/sites\/3\/2024\/03\/Nelira-600x621.png 600w, https:\/\/sintesi.inscastellbisbal.net\/vicentia\/wp-content\/uploads\/sites\/3\/2024\/03\/Nelira.png 1280w\" sizes=\"(max-width: 990px) 100vw, 990px\" \/>\t\t\t\t\t\t\t\t\t\t\t\t\t\t\t<\/div>\n\t\t\t\t<\/div>\n\t\t\t\t<div class=\"elementor-element elementor-element-2fb21df elementor-widget elementor-widget-image\" data-id=\"2fb21df\" data-element_type=\"widget\" data-widget_type=\"image.default\">\n\t\t\t\t<div class=\"elementor-widget-container\">\n\t\t\t\t\t\t\t\t\t\t\t\t\t\t\t<img decoding=\"async\" width=\"425\" height=\"283\" src=\"https:\/\/sintesi.inscastellbisbal.net\/vicentia\/wp-content\/uploads\/sites\/3\/2024\/03\/via-redondo.svg\" class=\"attachment-large size-large wp-image-49\" alt=\"\" \/>\t\t\t\t\t\t\t\t\t\t\t\t\t\t\t<\/div>\n\t\t\t\t<\/div>\n\t\t\t\t\t<\/div>\n\t\t\t\t<\/div>\n\t\t<div class=\"elementor-element elementor-element-50ba13f e-flex e-con-boxed e-con e-parent\" data-id=\"50ba13f\" data-element_type=\"container\">\n\t\t\t\t\t<div class=\"e-con-inner\">\n\t\t\t\t<div class=\"elementor-element elementor-element-e07b3ab elementor-widget-divider--view-line elementor-widget elementor-widget-divider\" data-id=\"e07b3ab\" data-element_type=\"widget\" data-widget_type=\"divider.default\">\n\t\t\t\t<div class=\"elementor-widget-container\">\n\t\t\t\t\t\t\t<div class=\"elementor-divider\">\n\t\t\t<span class=\"elementor-divider-separator\">\n\t\t\t\t\t\t<\/span>\n\t\t<\/div>\n\t\t\t\t\t\t<\/div>\n\t\t\t\t<\/div>\n\t\t\t\t\t<\/div>\n\t\t\t\t<\/div>\n\t\t\t\t<\/div>\n\t\t","protected":false},"excerpt":{"rendered":"<p>El nostre equip Som l&#8217;equip format per: Aleix Linares Roger Royo Oscar Nieto Arnau Legaz El nostre Projecte En aquest projecte el nostre objectiu \u00e9s crear una IA anomenada\u00a0VicentIA\u00a0que\u00a0ajudar\u00e0\u00a0als estudiants amb els seus dubtes. Nelira Nelira \u00e9s la nostra empresa on treballarem el nostre primer projecte, aquesta empresa est\u00e0 enfocada en la utilitzaci\u00f3 de la &#8230; <a title=\"P\u00e0gina principal\" class=\"read-more\" href=\"https:\/\/sintesi.inscastellbisbal.net\/vicentia\/\" aria-label=\"Read more about P\u00e0gina principal\">Read more<\/a><\/p>\n","protected":false},"author":4,"featured_media":0,"parent":0,"menu_order":0,"comment_status":"closed","ping_status":"closed","template":"","meta":{"footnotes":""},"class_list":["post-1561","page","type-page","status-publish"],"yoast_head":"<!-- This site is optimized with the Yoast SEO plugin v25.1 - https:\/\/yoast.com\/wordpress\/plugins\/seo\/ -->\n<title>P\u00e0gina principal - S\u00cdNTESI 24 | VicentIA<\/title>\n<meta name=\"robots\" content=\"index, follow, max-snippet:-1, max-image-preview:large, max-video-preview:-1\" \/>\n<link rel=\"canonical\" href=\"https:\/\/sintesi.inscastellbisbal.net\/vicentia\/\" \/>\n<meta property=\"og:locale\" content=\"en_US\" \/>\n<meta property=\"og:type\" content=\"article\" \/>\n<meta property=\"og:title\" content=\"P\u00e0gina principal - S\u00cdNTESI 24 | VicentIA\" \/>\n<meta property=\"og:description\" content=\"El nostre equip Som l&#8217;equip format per: Aleix Linares Roger Royo Oscar Nieto Arnau Legaz El nostre Projecte En aquest projecte el nostre objectiu \u00e9s crear una IA anomenada\u00a0VicentIA\u00a0que\u00a0ajudar\u00e0\u00a0als estudiants amb els seus dubtes. Nelira Nelira \u00e9s la nostra empresa on treballarem el nostre primer projecte, aquesta empresa est\u00e0 enfocada en la utilitzaci\u00f3 de la ... Read more\" \/>\n<meta property=\"og:url\" content=\"https:\/\/sintesi.inscastellbisbal.net\/vicentia\/\" \/>\n<meta property=\"og:site_name\" content=\"S\u00cdNTESI 24 | VicentIA\" \/>\n<meta property=\"article:modified_time\" content=\"2024-06-01T15:41:25+00:00\" \/>\n<meta property=\"og:image\" content=\"https:\/\/sintesi.inscastellbisbal.net\/vicentia\/wp-content\/uploads\/sites\/3\/2024\/03\/Nelira-990x1024.png\" \/>\n<meta name=\"twitter:card\" content=\"summary_large_image\" \/>\n<meta name=\"twitter:label1\" content=\"Est. reading time\" \/>\n\t<meta name=\"twitter:data1\" content=\"1 minute\" \/>\n<script type=\"application\/ld+json\" class=\"yoast-schema-graph\">{\"@context\":\"https:\/\/schema.org\",\"@graph\":[{\"@type\":[\"Article\",\"BlogPosting\"],\"@id\":\"https:\/\/sintesi.inscastellbisbal.net\/vicentia\/#article\",\"isPartOf\":{\"@id\":\"https:\/\/sintesi.inscastellbisbal.net\/vicentia\/\"},\"author\":{\"name\":\"alinares\",\"@id\":\"https:\/\/sintesi.inscastellbisbal.net\/vicentia\/#\/schema\/person\/f14d1ee77f9523316090055b65faca05\"},\"headline\":\"P\u00e0gina principal\",\"datePublished\":\"2024-04-08T22:02:08+00:00\",\"dateModified\":\"2024-06-01T15:41:25+00:00\",\"mainEntityOfPage\":{\"@id\":\"https:\/\/sintesi.inscastellbisbal.net\/vicentia\/\"},\"wordCount\":67,\"publisher\":{\"@id\":\"https:\/\/sintesi.inscastellbisbal.net\/vicentia\/#organization\"},\"image\":{\"@id\":\"https:\/\/sintesi.inscastellbisbal.net\/vicentia\/#primaryimage\"},\"thumbnailUrl\":\"https:\/\/sintesi.inscastellbisbal.net\/vicentia\/wp-content\/uploads\/sites\/3\/2024\/03\/Nelira-990x1024.png\",\"inLanguage\":\"en-US\"},{\"@type\":\"WebPage\",\"@id\":\"https:\/\/sintesi.inscastellbisbal.net\/vicentia\/\",\"url\":\"https:\/\/sintesi.inscastellbisbal.net\/vicentia\/\",\"name\":\"P\u00e0gina principal - S\u00cdNTESI 24 | VicentIA\",\"isPartOf\":{\"@id\":\"https:\/\/sintesi.inscastellbisbal.net\/vicentia\/#website\"},\"primaryImageOfPage\":{\"@id\":\"https:\/\/sintesi.inscastellbisbal.net\/vicentia\/#primaryimage\"},\"image\":{\"@id\":\"https:\/\/sintesi.inscastellbisbal.net\/vicentia\/#primaryimage\"},\"thumbnailUrl\":\"https:\/\/sintesi.inscastellbisbal.net\/vicentia\/wp-content\/uploads\/sites\/3\/2024\/03\/Nelira-990x1024.png\",\"datePublished\":\"2024-04-08T22:02:08+00:00\",\"dateModified\":\"2024-06-01T15:41:25+00:00\",\"breadcrumb\":{\"@id\":\"https:\/\/sintesi.inscastellbisbal.net\/vicentia\/#breadcrumb\"},\"inLanguage\":\"en-US\",\"potentialAction\":[{\"@type\":\"ReadAction\",\"target\":[\"https:\/\/sintesi.inscastellbisbal.net\/vicentia\/\"]}]},{\"@type\":\"ImageObject\",\"inLanguage\":\"en-US\",\"@id\":\"https:\/\/sintesi.inscastellbisbal.net\/vicentia\/#primaryimage\",\"url\":\"https:\/\/sintesi.inscastellbisbal.net\/vicentia\/wp-content\/uploads\/sites\/3\/2024\/03\/Nelira.png\",\"contentUrl\":\"https:\/\/sintesi.inscastellbisbal.net\/vicentia\/wp-content\/uploads\/sites\/3\/2024\/03\/Nelira.png\",\"width\":1280,\"height\":1324},{\"@type\":\"BreadcrumbList\",\"@id\":\"https:\/\/sintesi.inscastellbisbal.net\/vicentia\/#breadcrumb\",\"itemListElement\":[{\"@type\":\"ListItem\",\"position\":1,\"name\":\"Home\",\"item\":\"https:\/\/sintesi.inscastellbisbal.net\/vicentia\/\"},{\"@type\":\"ListItem\",\"position\":2,\"name\":\"P\u00e0gina principal\"}]},{\"@type\":\"WebSite\",\"@id\":\"https:\/\/sintesi.inscastellbisbal.net\/vicentia\/#website\",\"url\":\"https:\/\/sintesi.inscastellbisbal.net\/vicentia\/\",\"name\":\"VicentIA\",\"description\":\"Sic Parvis Magna\",\"publisher\":{\"@id\":\"https:\/\/sintesi.inscastellbisbal.net\/vicentia\/#organization\"},\"potentialAction\":[{\"@type\":\"SearchAction\",\"target\":{\"@type\":\"EntryPoint\",\"urlTemplate\":\"https:\/\/sintesi.inscastellbisbal.net\/vicentia\/?s={search_term_string}\"},\"query-input\":{\"@type\":\"PropertyValueSpecification\",\"valueRequired\":true,\"valueName\":\"search_term_string\"}}],\"inLanguage\":\"en-US\"},{\"@type\":\"Organization\",\"@id\":\"https:\/\/sintesi.inscastellbisbal.net\/vicentia\/#organization\",\"name\":\"VicentIA\",\"url\":\"https:\/\/sintesi.inscastellbisbal.net\/vicentia\/\",\"logo\":{\"@type\":\"ImageObject\",\"inLanguage\":\"en-US\",\"@id\":\"https:\/\/sintesi.inscastellbisbal.net\/vicentia\/#\/schema\/logo\/image\/\",\"url\":\"https:\/\/sintesi.inscastellbisbal.net\/vicentia\/wp-content\/uploads\/sites\/3\/2024\/03\/via-redondo.svg\",\"contentUrl\":\"https:\/\/sintesi.inscastellbisbal.net\/vicentia\/wp-content\/uploads\/sites\/3\/2024\/03\/via-redondo.svg\",\"width\":425,\"height\":283,\"caption\":\"VicentIA\"},\"image\":{\"@id\":\"https:\/\/sintesi.inscastellbisbal.net\/vicentia\/#\/schema\/logo\/image\/\"}},{\"@type\":\"Person\",\"@id\":\"https:\/\/sintesi.inscastellbisbal.net\/vicentia\/#\/schema\/person\/f14d1ee77f9523316090055b65faca05\",\"name\":\"alinares\",\"image\":{\"@type\":\"ImageObject\",\"inLanguage\":\"en-US\",\"@id\":\"https:\/\/sintesi.inscastellbisbal.net\/vicentia\/#\/schema\/person\/image\/\",\"url\":\"https:\/\/secure.gravatar.com\/avatar\/56758814c43b1f46a265b20ff00d9026?s=96&d=mm&r=g\",\"contentUrl\":\"https:\/\/secure.gravatar.com\/avatar\/56758814c43b1f46a265b20ff00d9026?s=96&d=mm&r=g\",\"caption\":\"alinares\"},\"url\":\"https:\/\/sintesi.inscastellbisbal.net\/vicentia\/author\/alinares\/\"}]}<\/script>\n<!-- \/ Yoast SEO plugin. -->","yoast_head_json":{"title":"P\u00e0gina principal - S\u00cdNTESI 24 | VicentIA","robots":{"index":"index","follow":"follow","max-snippet":"max-snippet:-1","max-image-preview":"max-image-preview:large","max-video-preview":"max-video-preview:-1"},"canonical":"https:\/\/sintesi.inscastellbisbal.net\/vicentia\/","og_locale":"en_US","og_type":"article","og_title":"P\u00e0gina principal - S\u00cdNTESI 24 | VicentIA","og_description":"El nostre equip Som l&#8217;equip format per: Aleix Linares Roger Royo Oscar Nieto Arnau Legaz El nostre Projecte En aquest projecte el nostre objectiu \u00e9s crear una IA anomenada\u00a0VicentIA\u00a0que\u00a0ajudar\u00e0\u00a0als estudiants amb els seus dubtes. Nelira Nelira \u00e9s la nostra empresa on treballarem el nostre primer projecte, aquesta empresa est\u00e0 enfocada en la utilitzaci\u00f3 de la ... Read more","og_url":"https:\/\/sintesi.inscastellbisbal.net\/vicentia\/","og_site_name":"S\u00cdNTESI 24 | VicentIA","article_modified_time":"2024-06-01T15:41:25+00:00","og_image":[{"url":"https:\/\/sintesi.inscastellbisbal.net\/vicentia\/wp-content\/uploads\/sites\/3\/2024\/03\/Nelira-990x1024.png","type":"","width":"","height":""}],"twitter_card":"summary_large_image","twitter_misc":{"Est. reading time":"1 minute"},"schema":{"@context":"https:\/\/schema.org","@graph":[{"@type":["Article","BlogPosting"],"@id":"https:\/\/sintesi.inscastellbisbal.net\/vicentia\/#article","isPartOf":{"@id":"https:\/\/sintesi.inscastellbisbal.net\/vicentia\/"},"author":{"name":"alinares","@id":"https:\/\/sintesi.inscastellbisbal.net\/vicentia\/#\/schema\/person\/f14d1ee77f9523316090055b65faca05"},"headline":"P\u00e0gina principal","datePublished":"2024-04-08T22:02:08+00:00","dateModified":"2024-06-01T15:41:25+00:00","mainEntityOfPage":{"@id":"https:\/\/sintesi.inscastellbisbal.net\/vicentia\/"},"wordCount":67,"publisher":{"@id":"https:\/\/sintesi.inscastellbisbal.net\/vicentia\/#organization"},"image":{"@id":"https:\/\/sintesi.inscastellbisbal.net\/vicentia\/#primaryimage"},"thumbnailUrl":"https:\/\/sintesi.inscastellbisbal.net\/vicentia\/wp-content\/uploads\/sites\/3\/2024\/03\/Nelira-990x1024.png","inLanguage":"en-US"},{"@type":"WebPage","@id":"https:\/\/sintesi.inscastellbisbal.net\/vicentia\/","url":"https:\/\/sintesi.inscastellbisbal.net\/vicentia\/","name":"P\u00e0gina principal - S\u00cdNTESI 24 | VicentIA","isPartOf":{"@id":"https:\/\/sintesi.inscastellbisbal.net\/vicentia\/#website"},"primaryImageOfPage":{"@id":"https:\/\/sintesi.inscastellbisbal.net\/vicentia\/#primaryimage"},"image":{"@id":"https:\/\/sintesi.inscastellbisbal.net\/vicentia\/#primaryimage"},"thumbnailUrl":"https:\/\/sintesi.inscastellbisbal.net\/vicentia\/wp-content\/uploads\/sites\/3\/2024\/03\/Nelira-990x1024.png","datePublished":"2024-04-08T22:02:08+00:00","dateModified":"2024-06-01T15:41:25+00:00","breadcrumb":{"@id":"https:\/\/sintesi.inscastellbisbal.net\/vicentia\/#breadcrumb"},"inLanguage":"en-US","potentialAction":[{"@type":"ReadAction","target":["https:\/\/sintesi.inscastellbisbal.net\/vicentia\/"]}]},{"@type":"ImageObject","inLanguage":"en-US","@id":"https:\/\/sintesi.inscastellbisbal.net\/vicentia\/#primaryimage","url":"https:\/\/sintesi.inscastellbisbal.net\/vicentia\/wp-content\/uploads\/sites\/3\/2024\/03\/Nelira.png","contentUrl":"https:\/\/sintesi.inscastellbisbal.net\/vicentia\/wp-content\/uploads\/sites\/3\/2024\/03\/Nelira.png","width":1280,"height":1324},{"@type":"BreadcrumbList","@id":"https:\/\/sintesi.inscastellbisbal.net\/vicentia\/#breadcrumb","itemListElement":[{"@type":"ListItem","position":1,"name":"Home","item":"https:\/\/sintesi.inscastellbisbal.net\/vicentia\/"},{"@type":"ListItem","position":2,"name":"P\u00e0gina principal"}]},{"@type":"WebSite","@id":"https:\/\/sintesi.inscastellbisbal.net\/vicentia\/#website","url":"https:\/\/sintesi.inscastellbisbal.net\/vicentia\/","name":"VicentIA","description":"Sic Parvis Magna","publisher":{"@id":"https:\/\/sintesi.inscastellbisbal.net\/vicentia\/#organization"},"potentialAction":[{"@type":"SearchAction","target":{"@type":"EntryPoint","urlTemplate":"https:\/\/sintesi.inscastellbisbal.net\/vicentia\/?s={search_term_string}"},"query-input":{"@type":"PropertyValueSpecification","valueRequired":true,"valueName":"search_term_string"}}],"inLanguage":"en-US"},{"@type":"Organization","@id":"https:\/\/sintesi.inscastellbisbal.net\/vicentia\/#organization","name":"VicentIA","url":"https:\/\/sintesi.inscastellbisbal.net\/vicentia\/","logo":{"@type":"ImageObject","inLanguage":"en-US","@id":"https:\/\/sintesi.inscastellbisbal.net\/vicentia\/#\/schema\/logo\/image\/","url":"https:\/\/sintesi.inscastellbisbal.net\/vicentia\/wp-content\/uploads\/sites\/3\/2024\/03\/via-redondo.svg","contentUrl":"https:\/\/sintesi.inscastellbisbal.net\/vicentia\/wp-content\/uploads\/sites\/3\/2024\/03\/via-redondo.svg","width":425,"height":283,"caption":"VicentIA"},"image":{"@id":"https:\/\/sintesi.inscastellbisbal.net\/vicentia\/#\/schema\/logo\/image\/"}},{"@type":"Person","@id":"https:\/\/sintesi.inscastellbisbal.net\/vicentia\/#\/schema\/person\/f14d1ee77f9523316090055b65faca05","name":"alinares","image":{"@type":"ImageObject","inLanguage":"en-US","@id":"https:\/\/sintesi.inscastellbisbal.net\/vicentia\/#\/schema\/person\/image\/","url":"https:\/\/secure.gravatar.com\/avatar\/56758814c43b1f46a265b20ff00d9026?s=96&d=mm&r=g","contentUrl":"https:\/\/secure.gravatar.com\/avatar\/56758814c43b1f46a265b20ff00d9026?s=96&d=mm&r=g","caption":"alinares"},"url":"https:\/\/sintesi.inscastellbisbal.net\/vicentia\/author\/alinares\/"}]}},"_links":{"self":[{"href":"https:\/\/sintesi.inscastellbisbal.net\/vicentia\/wp-json\/wp\/v2\/pages\/1561","targetHints":{"allow":["GET"]}}],"collection":[{"href":"https:\/\/sintesi.inscastellbisbal.net\/vicentia\/wp-json\/wp\/v2\/pages"}],"about":[{"href":"https:\/\/sintesi.inscastellbisbal.net\/vicentia\/wp-json\/wp\/v2\/types\/page"}],"author":[{"embeddable":true,"href":"https:\/\/sintesi.inscastellbisbal.net\/vicentia\/wp-json\/wp\/v2\/users\/4"}],"replies":[{"embeddable":true,"href":"https:\/\/sintesi.inscastellbisbal.net\/vicentia\/wp-json\/wp\/v2\/comments?post=1561"}],"version-history":[{"count":50,"href":"https:\/\/sintesi.inscastellbisbal.net\/vicentia\/wp-json\/wp\/v2\/pages\/1561\/revisions"}],"predecessor-version":[{"id":6555,"href":"https:\/\/sintesi.inscastellbisbal.net\/vicentia\/wp-json\/wp\/v2\/pages\/1561\/revisions\/6555"}],"wp:attachment":[{"href":"https:\/\/sintesi.inscastellbisbal.net\/vicentia\/wp-json\/wp\/v2\/media?parent=1561"}],"curies":[{"name":"wp","href":"https:\/\/api.w.org\/{rel}","templated":true}]}}